{"id":1017,"date":"2024-11-29T14:17:00","date_gmt":"2024-11-29T14:17:00","guid":{"rendered":"https:\/\/db-connection.com\/?page_id=1017"},"modified":"2026-03-11T17:34:20","modified_gmt":"2026-03-11T17:34:20","slug":"eu-mercosur-freihandelsabkommen","status":"publish","type":"page","link":"https:\/\/db-connection.com\/pt\/eu-mercosur-freihandelsabkommen\/","title":{"rendered":"EU-Mercosur-Freihandelsabkommen"},"content":{"rendered":"<div data-elementor-type=\"wp-page\" data-elementor-id=\"1017\" class=\"elementor elementor-1017\">\n\t\t\t\t\t\t<section class=\"elementor-section elementor-top-section elementor-element elementor-element-5c9a8619 elementor-section-content-middle elementor-section-boxed elementor-section-height-default elementor-section-height-default\" data-id=\"5c9a8619\" data-element_type=\"section\" data-e-type=\"section\" data-settings=\"{&quot;background_background&quot;:&quot;classic&quot;}\">\n\t\t\t\t\t\t<div class=\"elementor-container elementor-column-gap-wider\">\n\t\t\t\t\t<div class=\"elementor-column elementor-col-100 elementor-top-column elementor-element elementor-element-3023db14\" data-id=\"3023db14\" data-element_type=\"column\" data-e-type=\"column\">\n\t\t\t<div class=\"elementor-widget-wrap elementor-element-populated\">\n\t\t\t\t\t<div class=\"elementor-background-overlay\"><\/div>\n\t\t\t\t\t\t<div class=\"elementor-element elementor-element-21ae5466 elementor-widget elementor-widget-heading\" data-id=\"21ae5466\" data-element_type=\"widget\" data-e-type=\"widget\" data-widget_type=\"heading.default\">\n\t\t\t\t<div class=\"elementor-widget-container\">\n\t\t\t\t\t<h5 class=\"elementor-heading-title elementor-size-default\">Chancen und aktueller STAND<\/h5>\t\t\t\t<\/div>\n\t\t\t\t<\/div>\n\t\t\t\t<div class=\"elementor-element elementor-element-550cf7b2 elementor-widget__width-initial elementor-widget elementor-widget-heading\" data-id=\"550cf7b2\" data-element_type=\"widget\" data-e-type=\"widget\" data-widget_type=\"heading.default\">\n\t\t\t\t<div class=\"elementor-widget-container\">\n\t\t\t\t\t<h2 class=\"elementor-heading-title elementor-size-default\">Das EU-Mercosur-<br>Freihandelsabkommen<\/h2>\t\t\t\t<\/div>\n\t\t\t\t<\/div>\n\t\t\t\t<div class=\"elementor-element elementor-element-55e88c55 elementor-widget-divider--view-line elementor-widget elementor-widget-divider\" data-id=\"55e88c55\" data-element_type=\"widget\" data-e-type=\"widget\" data-widget_type=\"divider.default\">\n\t\t\t\t<div class=\"elementor-widget-container\">\n\t\t\t\t\t\t\t<div class=\"elementor-divider\">\n\t\t\t<span class=\"elementor-divider-separator\">\n\t\t\t\t\t\t<\/span>\n\t\t<\/div>\n\t\t\t\t\t\t<\/div>\n\t\t\t\t<\/div>\n\t\t\t\t<div class=\"elementor-element elementor-element-543938e7 elementor-widget elementor-widget-heading\" data-id=\"543938e7\" data-element_type=\"widget\" data-e-type=\"widget\" data-widget_type=\"heading.default\">\n\t\t\t\t<div class=\"elementor-widget-container\">\n\t\t\t\t\t<h3 class=\"elementor-heading-title elementor-size-default\">Was ist das EU-Mercosur-Abkommen? <\/h3>\t\t\t\t<\/div>\n\t\t\t\t<\/div>\n\t\t\t\t<div class=\"elementor-element elementor-element-50370a4c elementor-widget elementor-widget-text-editor\" data-id=\"50370a4c\" data-element_type=\"widget\" data-e-type=\"widget\" data-widget_type=\"text-editor.default\">\n\t\t\t\t<div class=\"elementor-widget-container\">\n\t\t\t\t\t\t\t\t\t<p>Das EU-Mercosur-Freihandelsabkommen\u00a0 ( Portugisisch: &#8222;Mercosul&#8220;) steht seit Jahren im Fokus der internationalen Handelspolitik. Es handelt sich um eine der gr\u00f6\u00dften Handelsinitiativen weltweit, die weitreichende wirtschaftliche und geopolitische Vorteile f\u00fcr Europa und S\u00fcdamerika bringen k\u00f6nnte. In diesem Beitrag erf\u00e4hrst du, warum das Abkommen so bedeutend ist, welche positiven Aspekte es bietet und wie der aktuelle Verhandlungsstand aussieht. Die Verhandlungen wurden am 06.12.2024 abgeschlossen zu diesem Zwecke reiste Ursula von der Leyen nach Montevideo in Uruguay zu einem Treffen der Mercosul Staaten. Insbesondere die Wahl Donalds Trumps, der f\u00fcr ein hochfahren der Z\u00f6lle steht, brachte zus\u00e4tzlichen Druck, das Freihandelsabkommen trotz Bedenken abzuschlie\u00dfen um neue Exportm\u00f6glichkeiten zu schaffen, wenn der Exportmarkt USA schwieriger wird.\u00a0<abbr title=\"\" data-title=\"Europ\u00e4ische Union\" aria-describedby=\"tooltip_8nffrsveim\">Am 27. Februar 2026 hat EU<\/abbr>-Kommissionspr\u00e4sidentin Ursula von der Leyen die vorl\u00e4ufige Anwendung des Handelsteils des <abbr title=\"\" data-title=\"Mercado Com\u00fan del Sur\" aria-describedby=\"tooltip_yjunc5bg0v\">MERCOSUR<\/abbr>-Abkommens angek\u00fcndigt, nachdem die Ratifizierung f\u00fcr das vollst\u00e4ndige Abkommen von EU-Seite aus l\u00e4nger andauert als erwartet.<\/p>\t\t\t\t\t\t\t\t<\/div>\n\t\t\t\t<\/div>\n\t\t\t\t<div class=\"elementor-element elementor-element-41d03dd elementor-widget elementor-widget-heading\" data-id=\"41d03dd\" data-element_type=\"widget\" data-e-type=\"widget\" data-widget_type=\"heading.default\">\n\t\t\t\t<div class=\"elementor-widget-container\">\n\t\t\t\t\t<h2 class=\"elementor-heading-title elementor-size-default\">5 Vorteile des EU-Mercosur-Abkommens<\/h2>\t\t\t\t<\/div>\n\t\t\t\t<\/div>\n\t\t\t\t<div class=\"elementor-element elementor-element-afe6d21 elementor-widget elementor-widget-text-editor\" data-id=\"afe6d21\" data-element_type=\"widget\" data-e-type=\"widget\" data-widget_type=\"text-editor.default\">\n\t\t\t\t<div class=\"elementor-widget-container\">\n\t\t\t\t\t\t\t\t\t<h3><strong>1. St\u00e4rkung des wirtschaftlichen Wachstums<\/strong><\/h3><p>Mit \u00fcber 720 Millionen Menschen w\u00fcrde das Abkommen eine der gr\u00f6\u00dften Freihandelszonen der Welt schaffen. Unternehmen aus der EU profitieren von einem verbesserten Zugang zu den wachsenden M\u00e4rkten S\u00fcdamerikas, was insbesondere f\u00fcr exportstarke Branchen wie Maschinenbau, Automobilindustrie und Landwirtschaft von Bedeutung ist.<\/p><h3><strong>2. Reduzierte Z\u00f6lle und Handelshemmnisse<\/strong><\/h3><p>Der Mercosur erhebt derzeit hohe Z\u00f6lle auf europ\u00e4ische Exporte, z. B. bis zu 35 % auf Autos. Mit dem Abkommen k\u00f6nnten bis zu 90% der Z\u00f6lle entfallen oder drastisch reduziert werden, was den Handel erleichtert und Unternehmen sowie Verbrauchern zugutekommt.<\/p><h3><strong>3. Nachhaltigkeit im Fokus<\/strong><\/h3><p>Das Abkommen verpflichtet beide Seiten zur Einhaltung des Pariser Klimaabkommens und f\u00f6rdert den Schutz von Umwelt und Biodiversit\u00e4t. Es enth\u00e4lt strenge Vorgaben zur Bek\u00e4mpfung der Abholzung des Amazonas und zur F\u00f6rderung nachhaltiger Landwirtschaft.<\/p><h3><strong>4. Geopolitische Bedeutung<\/strong><\/h3><p>Durch die engere Bindung an S\u00fcdamerika kann die EU ihren geopolitischen Einfluss st\u00e4rken und Abh\u00e4ngigkeiten von anderen Handelspartnern wie China reduzieren.<\/p><h3><strong>5. Bessere Preise f\u00fcr Verbraucher<\/strong><\/h3><p>Europ\u00e4ische Verbraucher profitieren von g\u00fcnstigeren Importpreisen f\u00fcr Produkte wie exotische Fr\u00fcchte, Fleisch oder Kaffee. Gleichzeitig k\u00f6nnten europ\u00e4ische Produkte f\u00fcr s\u00fcdamerikanische Konsumenten erschwinglicher werden.<\/p>\t\t\t\t\t\t\t\t<\/div>\n\t\t\t\t<\/div>\n\t\t\t\t<div class=\"elementor-element elementor-element-c1b9542 elementor-widget elementor-widget-heading\" data-id=\"c1b9542\" data-element_type=\"widget\" data-e-type=\"widget\" data-widget_type=\"heading.default\">\n\t\t\t\t<div class=\"elementor-widget-container\">\n\t\t\t\t\t<h2 class=\"elementor-heading-title elementor-size-default\">Herausforderungen<\/h2>\t\t\t\t<\/div>\n\t\t\t\t<\/div>\n\t\t\t\t<div class=\"elementor-element elementor-element-4b0b090 elementor-widget elementor-widget-text-editor\" data-id=\"4b0b090\" data-element_type=\"widget\" data-e-type=\"widget\" data-widget_type=\"text-editor.default\">\n\t\t\t\t<div class=\"elementor-widget-container\">\n\t\t\t\t\t\t\t\t\t<h3><strong>1. Widerstand innerhalb der EU<\/strong><\/h3><p>Einige EU-Staaten, darunter Frankreich und \u00d6sterreich, kritisieren mangelnde Fortschritte bei Umwelt- und Sozialstandards im Mercosur. Sie fordern zus\u00e4tzliche Mechanismen, um sicherzustellen, dass Abholzung und andere negative Folgen begrenzt werden.<\/p><h3><strong>2. Politische Instabilit\u00e4t im Mercosur<\/strong><\/h3><p>Die politische Lage in Brasilien und Argentinien hat die Verhandlungen erschwert. Kritiker bef\u00fcrchten, dass die derzeitigen Regierungen nicht genug Engagement f\u00fcr die Klimaziele zeigen.<\/p><h3><strong>3. Zus\u00e4tzliche Protokolle<\/strong><\/h3><p>Um den Widerstand zu \u00fcberwinden, arbeiten die EU und der Mercosur an zus\u00e4tzlichen Vereinbarungen, die strengere Umweltauflagen und eine effektivere \u00dcberwachung garantieren sollen.<\/p>\t\t\t\t\t\t\t\t<\/div>\n\t\t\t\t<\/div>\n\t\t\t\t<div class=\"elementor-element elementor-element-8ad41c8 elementor-widget elementor-widget-heading\" data-id=\"8ad41c8\" data-element_type=\"widget\" data-e-type=\"widget\" data-widget_type=\"heading.default\">\n\t\t\t\t<div class=\"elementor-widget-container\">\n\t\t\t\t\t<h2 class=\"elementor-heading-title elementor-size-default\">Warum das EU-Mercosur-Abkommen wichtig ist<\/h2>\t\t\t\t<\/div>\n\t\t\t\t<\/div>\n\t\t\t\t<div class=\"elementor-element elementor-element-6347b9c elementor-widget elementor-widget-text-editor\" data-id=\"6347b9c\" data-element_type=\"widget\" data-e-type=\"widget\" data-widget_type=\"text-editor.default\">\n\t\t\t\t<div class=\"elementor-widget-container\">\n\t\t\t\t\t\t\t\t\t<p>Das Abkommen ist mehr als nur ein Handelsvertrag. Es ist eine strategische Partnerschaft, die:<\/p><ul><li>den globalen Handel f\u00f6rdert,<\/li><li>Nachhaltigkeit und Klimaschutz vorantreibt,<\/li><li>wirtschaftliches Wachstum auf beiden Seiten ankurbelt,<\/li><li>und eine engere Zusammenarbeit zwischen Europa und S\u00fcdamerika erm\u00f6glicht.<\/li><\/ul>\t\t\t\t\t\t\t\t<\/div>\n\t\t\t\t<\/div>\n\t\t\t\t<div class=\"elementor-element elementor-element-f52e7cd elementor-widget elementor-widget-heading\" data-id=\"f52e7cd\" data-element_type=\"widget\" data-e-type=\"widget\" data-widget_type=\"heading.default\">\n\t\t\t\t<div class=\"elementor-widget-container\">\n\t\t\t\t\t<h2 class=\"elementor-heading-title elementor-size-default\">Fazit: Ein Abkommen mit Potenzial<\/h2>\t\t\t\t<\/div>\n\t\t\t\t<\/div>\n\t\t\t\t<div class=\"elementor-element elementor-element-37c879e elementor-widget elementor-widget-text-editor\" data-id=\"37c879e\" data-element_type=\"widget\" data-e-type=\"widget\" data-widget_type=\"text-editor.default\">\n\t\t\t\t<div class=\"elementor-widget-container\">\n\t\t\t\t\t\t\t\t\t<p>Das EU-Mercosur-Freihandelsabkommen bietet enorme Chancen, sowohl wirtschaftlich als auch geopolitisch. Gleichzeitig erfordert es jedoch klare Verpflichtungen in den Bereichen Umwelt- und Sozialstandards.\u00a0<\/p>\t\t\t\t\t\t\t\t<\/div>\n\t\t\t\t<\/div>\n\t\t\t\t<div class=\"elementor-element elementor-element-d31ec66 elementor-widget elementor-widget-heading\" data-id=\"d31ec66\" data-element_type=\"widget\" data-e-type=\"widget\" data-widget_type=\"heading.default\">\n\t\t\t\t<div class=\"elementor-widget-container\">\n\t\t\t\t\t<h2 class=\"elementor-heading-title elementor-size-default\">H\u00e4ufig gestellte Fragen (FAQ)<\/h2>\t\t\t\t<\/div>\n\t\t\t\t<\/div>\n\t\t\t\t<div class=\"elementor-element elementor-element-9796f43 elementor-widget elementor-widget-text-editor\" data-id=\"9796f43\" data-element_type=\"widget\" data-e-type=\"widget\" data-widget_type=\"text-editor.default\">\n\t\t\t\t<div class=\"elementor-widget-container\">\n\t\t\t\t\t\t\t\t\t<p><strong>1. Was ist das Ziel des EU-Mercosur-Abkommens ?<\/strong><br \/>Das Ziel ist der Abbau von Handelshemmnissen, die F\u00f6rderung des Handels und die Zusammenarbeit in Bereichen wie Klimaschutz und nachhaltiger Entwicklung.<\/p><p><strong>2. Welche L\u00e4nder geh\u00f6ren zum Mercosur ?<\/strong><br \/>Die Mercosur-Gr\u00fcndungsstaaten sind Brasilien, Argentinien, Uruguay und Paraguay. Seit 2024 ist auch Bolivien ein Vollmitglied. Die Mitgliedschaft von Venezuela ist seit 2017 suspendiert.<\/p><p><strong>3. Wann wurde das\u00a0<\/strong><strong>EU-Mercosur-Abkommen<\/strong><strong> abgeschlossen?<\/strong><br \/>Die Verhandlungen wurden am 06.12.2024 abgeschlossen zu diesem Zwecke reiste Ursula von der Leyen nach Montevideo in Uruguay zu einem Treffen der Mercosul Staaten. Insbesondere die Wahl Donalds Trumps, der f\u00fcr ein hochfahren der Z\u00f6lle steht, brachte zus\u00e4tzlichen Druck, das Freihandelsabkommen trotz Bedenken abzuschlie\u00dfen um neue Exportm\u00f6glichkeiten zu schaffen, wenn der Exportmarkt USA schwieriger wird.<\/p>\t\t\t\t\t\t\t\t<\/div>\n\t\t\t\t<\/div>\n\t\t\t\t\t<\/div>\n\t\t<\/div>\n\t\t\t\t\t<\/div>\n\t\t<\/section>\n\t\t\t\t<\/div>","protected":false},"excerpt":{"rendered":"<p>Chancen und aktueller STAND Das EU-Mercosur-Freihandelsabkommen Was ist das EU-Mercosur-Abkommen? Das EU-Mercosur-Freihandelsabkommen\u00a0 ( Portugisisch: &#8222;Mercosul&#8220;) steht seit Jahren im Fokus der internationalen Handelspolitik. Es handelt sich um eine der gr\u00f6\u00dften Handelsinitiativen weltweit, die weitreichende wirtschaftliche und geopolitische Vorteile f\u00fcr Europa und S\u00fcdamerika bringen k\u00f6nnte. In diesem Beitrag erf\u00e4hrst du, warum das Abkommen so bedeutend ist, [&hellip;]<\/p>","protected":false},"author":1,"featured_media":0,"parent":0,"menu_order":0,"comment_status":"closed","ping_status":"closed","template":"","meta":{"footnotes":""},"class_list":["post-1017","page","type-page","status-publish","hentry","entry"],"_links":{"self":[{"href":"https:\/\/db-connection.com\/pt\/wp-json\/wp\/v2\/pages\/1017","targetHints":{"allow":["GET"]}}],"collection":[{"href":"https:\/\/db-connection.com\/pt\/wp-json\/wp\/v2\/pages"}],"about":[{"href":"https:\/\/db-connection.com\/pt\/wp-json\/wp\/v2\/types\/page"}],"author":[{"embeddable":true,"href":"https:\/\/db-connection.com\/pt\/wp-json\/wp\/v2\/users\/1"}],"replies":[{"embeddable":true,"href":"https:\/\/db-connection.com\/pt\/wp-json\/wp\/v2\/comments?post=1017"}],"version-history":[{"count":20,"href":"https:\/\/db-connection.com\/pt\/wp-json\/wp\/v2\/pages\/1017\/revisions"}],"predecessor-version":[{"id":1103,"href":"https:\/\/db-connection.com\/pt\/wp-json\/wp\/v2\/pages\/1017\/revisions\/1103"}],"wp:attachment":[{"href":"https:\/\/db-connection.com\/pt\/wp-json\/wp\/v2\/media?parent=1017"}],"curies":[{"name":"wp","href":"https:\/\/api.w.org\/{rel}","templated":true}]}}